{"id":731,"date":"2019-04-17T14:12:44","date_gmt":"2019-04-17T11:12:44","guid":{"rendered":"https:\/\/robotcovers.ro\/trang-chu-tieng-rumani\/"},"modified":"2025-11-05T23:28:40","modified_gmt":"2025-11-05T21:28:40","slug":"trang-chu-tieng-rumani","status":"publish","type":"page","link":"https:\/\/robotcovers.ro\/vi\/","title":{"rendered":"Home in vietnameza"},"content":{"rendered":"","protected":false},"excerpt":{"rendered":"","protected":false},"author":3,"featured_media":0,"parent":0,"menu_order":0,"comment_status":"closed","ping_status":"closed","template":"","meta":{"_acf_changed":false,"inline_featured_image":false,"footnotes":""},"class_list":["post-731","page","type-page","status-publish","hentry"],"acf":[],"yoast_head":"<!-- This site is optimized with the Yoast SEO plugin v26.4 - https:\/\/yoast.com\/wordpress\/plugins\/seo\/ -->\n<title>V\u1ecf b\u1ecdc robot ch\u1ea5t l\u01b0\u1ee3ng \u2013 b\u1ea3o v\u1ec7 v\u00e0 v\u1ecf b\u1ecdc cho robot c\u00f4ng nghi\u1ec7p<\/title>\n<meta name=\"description\" content=\"V\u1ecf b\u1ea3o v\u1ec7 v\u00e0 v\u1ecf b\u1ecdc t\u00f9y ch\u1ec9nh cho robot c\u00f4ng nghi\u1ec7p trong ng\u00e0nh \u00f4 t\u00f4, d\u1ecbch v\u1ee5 th\u1ef1c ph\u1ea9m, th\u00e9p v\u00e0 m\u00e1y m\u00f3c, mang l\u1ea1i s\u1ef1 an to\u00e0n v\u00e0 \u0111\u1ed9 b\u1ec1n.\" \/>\n<meta name=\"robots\" content=\"index, follow, max-snippet:-1, max-image-preview:large, max-video-preview:-1\" \/>\n<link rel=\"canonical\" href=\"https:\/\/robotcovers.ro\/vi\/\" \/>\n<meta property=\"og:locale\" content=\"vi_VN\" \/>\n<meta property=\"og:type\" content=\"article\" \/>\n<meta property=\"og:title\" content=\"V\u1ecf b\u1ecdc robot ch\u1ea5t l\u01b0\u1ee3ng \u2013 b\u1ea3o v\u1ec7 v\u00e0 v\u1ecf b\u1ecdc cho robot c\u00f4ng nghi\u1ec7p\" \/>\n<meta property=\"og:description\" content=\"V\u1ecf b\u1ea3o v\u1ec7 v\u00e0 v\u1ecf b\u1ecdc t\u00f9y ch\u1ec9nh cho robot c\u00f4ng nghi\u1ec7p trong ng\u00e0nh \u00f4 t\u00f4, d\u1ecbch v\u1ee5 th\u1ef1c ph\u1ea9m, th\u00e9p v\u00e0 m\u00e1y m\u00f3c, mang l\u1ea1i s\u1ef1 an to\u00e0n v\u00e0 \u0111\u1ed9 b\u1ec1n.\" \/>\n<meta property=\"og:url\" content=\"https:\/\/robotcovers.ro\/vi\/\" \/>\n<meta property=\"og:site_name\" content=\"Robot Protection System Romania\" \/>\n<meta property=\"article:modified_time\" content=\"2025-11-05T21:28:40+00:00\" \/>\n<meta name=\"twitter:card\" content=\"summary_large_image\" \/>\n<script type=\"application\/ld+json\" class=\"yoast-schema-graph\">{\"@context\":\"https:\/\/schema.org\",\"@graph\":[{\"@type\":\"WebPage\",\"@id\":\"https:\/\/robotcovers.ro\/vi\/\",\"url\":\"https:\/\/robotcovers.ro\/vi\/\",\"name\":\"V\u1ecf b\u1ecdc robot ch\u1ea5t l\u01b0\u1ee3ng \u2013 b\u1ea3o v\u1ec7 v\u00e0 v\u1ecf b\u1ecdc cho robot c\u00f4ng nghi\u1ec7p\",\"isPartOf\":{\"@id\":\"https:\/\/pintsrl.ro\/#website\"},\"datePublished\":\"2019-04-17T11:12:44+00:00\",\"dateModified\":\"2025-11-05T21:28:40+00:00\",\"description\":\"V\u1ecf b\u1ea3o v\u1ec7 v\u00e0 v\u1ecf b\u1ecdc t\u00f9y ch\u1ec9nh cho robot c\u00f4ng nghi\u1ec7p trong ng\u00e0nh \u00f4 t\u00f4, d\u1ecbch v\u1ee5 th\u1ef1c ph\u1ea9m, th\u00e9p v\u00e0 m\u00e1y m\u00f3c, mang l\u1ea1i s\u1ef1 an to\u00e0n v\u00e0 \u0111\u1ed9 b\u1ec1n.\",\"breadcrumb\":{\"@id\":\"https:\/\/robotcovers.ro\/vi\/#breadcrumb\"},\"inLanguage\":\"vi-VN\",\"potentialAction\":[{\"@type\":\"ReadAction\",\"target\":[\"https:\/\/robotcovers.ro\/vi\/\"]}]},{\"@type\":\"BreadcrumbList\",\"@id\":\"https:\/\/robotcovers.ro\/vi\/#breadcrumb\",\"itemListElement\":[{\"@type\":\"ListItem\",\"position\":1,\"name\":\"Acas\u0103\",\"item\":\"https:\/\/robotcovers.ro\/vi\/trang-chu-tieng-rumani\/\"},{\"@type\":\"ListItem\",\"position\":2,\"name\":\"Home in vietnameza\"}]},{\"@type\":\"WebSite\",\"@id\":\"https:\/\/pintsrl.ro\/#website\",\"url\":\"https:\/\/pintsrl.ro\/\",\"name\":\"Robot Protection Systems Romania\",\"description\":\"RPS-Robot Protection System Romania\",\"publisher\":{\"@id\":\"https:\/\/pintsrl.ro\/#organization\"},\"potentialAction\":[{\"@type\":\"SearchAction\",\"target\":{\"@type\":\"EntryPoint\",\"urlTemplate\":\"https:\/\/pintsrl.ro\/?s={search_term_string}\"},\"query-input\":{\"@type\":\"PropertyValueSpecification\",\"valueRequired\":true,\"valueName\":\"search_term_string\"}}],\"inLanguage\":\"vi-VN\"},{\"@type\":\"Organization\",\"@id\":\"https:\/\/pintsrl.ro\/#organization\",\"name\":\"H\u1ec7 th\u1ed1ng b\u1ea3o v\u1ec7 robot Romania\",\"url\":\"https:\/\/pintsrl.ro\/\",\"logo\":{\"@type\":\"ImageObject\",\"inLanguage\":\"vi-VN\",\"@id\":\"https:\/\/pintsrl.ro\/#\/schema\/logo\/image\/\",\"url\":\"https:\/\/robotcovers.ro\/wp-content\/uploads\/2024\/02\/logo.jpg\",\"contentUrl\":\"https:\/\/robotcovers.ro\/wp-content\/uploads\/2024\/02\/logo.jpg\",\"width\":512,\"height\":313,\"caption\":\"H\u1ec7 th\u1ed1ng b\u1ea3o v\u1ec7 robot Romania\"},\"image\":{\"@id\":\"https:\/\/pintsrl.ro\/#\/schema\/logo\/image\/\"}}]}<\/script>\n<!-- \/ Yoast SEO plugin. -->","yoast_head_json":{"title":"V\u1ecf b\u1ecdc robot ch\u1ea5t l\u01b0\u1ee3ng \u2013 b\u1ea3o v\u1ec7 v\u00e0 v\u1ecf b\u1ecdc cho robot c\u00f4ng nghi\u1ec7p","description":"V\u1ecf b\u1ea3o v\u1ec7 v\u00e0 v\u1ecf b\u1ecdc t\u00f9y ch\u1ec9nh cho robot c\u00f4ng nghi\u1ec7p trong ng\u00e0nh \u00f4 t\u00f4, d\u1ecbch v\u1ee5 th\u1ef1c ph\u1ea9m, th\u00e9p v\u00e0 m\u00e1y m\u00f3c, mang l\u1ea1i s\u1ef1 an to\u00e0n v\u00e0 \u0111\u1ed9 b\u1ec1n.","robots":{"index":"index","follow":"follow","max-snippet":"max-snippet:-1","max-image-preview":"max-image-preview:large","max-video-preview":"max-video-preview:-1"},"canonical":"https:\/\/robotcovers.ro\/vi\/","og_locale":"vi_VN","og_type":"article","og_title":"V\u1ecf b\u1ecdc robot ch\u1ea5t l\u01b0\u1ee3ng \u2013 b\u1ea3o v\u1ec7 v\u00e0 v\u1ecf b\u1ecdc cho robot c\u00f4ng nghi\u1ec7p","og_description":"V\u1ecf b\u1ea3o v\u1ec7 v\u00e0 v\u1ecf b\u1ecdc t\u00f9y ch\u1ec9nh cho robot c\u00f4ng nghi\u1ec7p trong ng\u00e0nh \u00f4 t\u00f4, d\u1ecbch v\u1ee5 th\u1ef1c ph\u1ea9m, th\u00e9p v\u00e0 m\u00e1y m\u00f3c, mang l\u1ea1i s\u1ef1 an to\u00e0n v\u00e0 \u0111\u1ed9 b\u1ec1n.","og_url":"https:\/\/robotcovers.ro\/vi\/","og_site_name":"Robot Protection System Romania","article_modified_time":"2025-11-05T21:28:40+00:00","twitter_card":"summary_large_image","schema":{"@context":"https:\/\/schema.org","@graph":[{"@type":"WebPage","@id":"https:\/\/robotcovers.ro\/vi\/","url":"https:\/\/robotcovers.ro\/vi\/","name":"V\u1ecf b\u1ecdc robot ch\u1ea5t l\u01b0\u1ee3ng \u2013 b\u1ea3o v\u1ec7 v\u00e0 v\u1ecf b\u1ecdc cho robot c\u00f4ng nghi\u1ec7p","isPartOf":{"@id":"https:\/\/pintsrl.ro\/#website"},"datePublished":"2019-04-17T11:12:44+00:00","dateModified":"2025-11-05T21:28:40+00:00","description":"V\u1ecf b\u1ea3o v\u1ec7 v\u00e0 v\u1ecf b\u1ecdc t\u00f9y ch\u1ec9nh cho robot c\u00f4ng nghi\u1ec7p trong ng\u00e0nh \u00f4 t\u00f4, d\u1ecbch v\u1ee5 th\u1ef1c ph\u1ea9m, th\u00e9p v\u00e0 m\u00e1y m\u00f3c, mang l\u1ea1i s\u1ef1 an to\u00e0n v\u00e0 \u0111\u1ed9 b\u1ec1n.","breadcrumb":{"@id":"https:\/\/robotcovers.ro\/vi\/#breadcrumb"},"inLanguage":"vi-VN","potentialAction":[{"@type":"ReadAction","target":["https:\/\/robotcovers.ro\/vi\/"]}]},{"@type":"BreadcrumbList","@id":"https:\/\/robotcovers.ro\/vi\/#breadcrumb","itemListElement":[{"@type":"ListItem","position":1,"name":"Acas\u0103","item":"https:\/\/robotcovers.ro\/vi\/trang-chu-tieng-rumani\/"},{"@type":"ListItem","position":2,"name":"Home in vietnameza"}]},{"@type":"WebSite","@id":"https:\/\/pintsrl.ro\/#website","url":"https:\/\/pintsrl.ro\/","name":"Robot Protection Systems Romania","description":"RPS-Robot Protection System Romania","publisher":{"@id":"https:\/\/pintsrl.ro\/#organization"},"potentialAction":[{"@type":"SearchAction","target":{"@type":"EntryPoint","urlTemplate":"https:\/\/pintsrl.ro\/?s={search_term_string}"},"query-input":{"@type":"PropertyValueSpecification","valueRequired":true,"valueName":"search_term_string"}}],"inLanguage":"vi-VN"},{"@type":"Organization","@id":"https:\/\/pintsrl.ro\/#organization","name":"H\u1ec7 th\u1ed1ng b\u1ea3o v\u1ec7 robot Romania","url":"https:\/\/pintsrl.ro\/","logo":{"@type":"ImageObject","inLanguage":"vi-VN","@id":"https:\/\/pintsrl.ro\/#\/schema\/logo\/image\/","url":"https:\/\/robotcovers.ro\/wp-content\/uploads\/2024\/02\/logo.jpg","contentUrl":"https:\/\/robotcovers.ro\/wp-content\/uploads\/2024\/02\/logo.jpg","width":512,"height":313,"caption":"H\u1ec7 th\u1ed1ng b\u1ea3o v\u1ec7 robot Romania"},"image":{"@id":"https:\/\/pintsrl.ro\/#\/schema\/logo\/image\/"}}]}},"_links":{"self":[{"href":"https:\/\/robotcovers.ro\/vi\/wp-json\/wp\/v2\/pages\/731","targetHints":{"allow":["GET"]}}],"collection":[{"href":"https:\/\/robotcovers.ro\/vi\/wp-json\/wp\/v2\/pages"}],"about":[{"href":"https:\/\/robotcovers.ro\/vi\/wp-json\/wp\/v2\/types\/page"}],"author":[{"embeddable":true,"href":"https:\/\/robotcovers.ro\/vi\/wp-json\/wp\/v2\/users\/3"}],"replies":[{"embeddable":true,"href":"https:\/\/robotcovers.ro\/vi\/wp-json\/wp\/v2\/comments?post=731"}],"version-history":[{"count":3,"href":"https:\/\/robotcovers.ro\/vi\/wp-json\/wp\/v2\/pages\/731\/revisions"}],"predecessor-version":[{"id":808,"href":"https:\/\/robotcovers.ro\/vi\/wp-json\/wp\/v2\/pages\/731\/revisions\/808"}],"wp:attachment":[{"href":"https:\/\/robotcovers.ro\/vi\/wp-json\/wp\/v2\/media?parent=731"}],"curies":[{"name":"wp","href":"https:\/\/api.w.org\/{rel}","templated":true}]}}