{"id":712,"date":"2023-07-23T18:08:23","date_gmt":"2023-07-23T15:08:23","guid":{"rendered":"https:\/\/robotcovers.ro\/iletisim\/"},"modified":"2025-11-10T18:55:05","modified_gmt":"2025-11-10T16:55:05","slug":"iletisim","status":"publish","type":"page","link":"https:\/\/robotcovers.ro\/tr\/iletisim\/","title":{"rendered":"\u0130leti\u015fim"},"content":{"rendered":"","protected":false},"excerpt":{"rendered":"","protected":false},"author":2,"featured_media":0,"parent":0,"menu_order":0,"comment_status":"closed","ping_status":"closed","template":"","meta":{"_acf_changed":false,"inline_featured_image":false,"footnotes":""},"class_list":["post-712","page","type-page","status-publish","hentry"],"acf":[],"yoast_head":"<!-- This site is optimized with the Yoast SEO plugin v26.4 - https:\/\/yoast.com\/wordpress\/plugins\/seo\/ -->\n<title>Bize Ula\u015f\u0131n | Robot Koruma - Robot Koruma Sistemi Romanya<\/title>\n<meta name=\"description\" content=\"RPS ile ileti\u015fime ge\u00e7in \u2013 otomotiv, \u00e7elik, g\u0131da ve i\u00e7ecek end\u00fcstrileri i\u00e7in end\u00fcstriyel robotlar i\u00e7in \u00f6zel tekstil koruyucu muhafazalar ve \u00e7\u00f6z\u00fcmler sunuyoruz, g\u00fcvenlik ve dayan\u0131kl\u0131l\u0131k sa\u011flar.\" \/>\n<meta name=\"robots\" content=\"index, follow, max-snippet:-1, max-image-preview:large, max-video-preview:-1\" \/>\n<link rel=\"canonical\" href=\"https:\/\/robotcovers.ro\/tr\/iletisim\/\" \/>\n<meta property=\"og:locale\" content=\"tr_TR\" \/>\n<meta property=\"og:type\" content=\"article\" \/>\n<meta property=\"og:title\" content=\"Bize Ula\u015f\u0131n | Robot Koruma - Robot Koruma Sistemi Romanya\" \/>\n<meta property=\"og:description\" content=\"RPS ile ileti\u015fime ge\u00e7in \u2013 otomotiv, \u00e7elik, g\u0131da ve i\u00e7ecek end\u00fcstrileri i\u00e7in end\u00fcstriyel robotlar i\u00e7in \u00f6zel tekstil koruyucu muhafazalar ve \u00e7\u00f6z\u00fcmler sunuyoruz, g\u00fcvenlik ve dayan\u0131kl\u0131l\u0131k sa\u011flar.\" \/>\n<meta property=\"og:url\" content=\"https:\/\/robotcovers.ro\/tr\/iletisim\/\" \/>\n<meta property=\"og:site_name\" content=\"Robot Protection System Romania\" \/>\n<meta property=\"article:modified_time\" content=\"2025-11-10T16:55:05+00:00\" \/>\n<meta name=\"twitter:card\" content=\"summary_large_image\" \/>\n<script type=\"application\/ld+json\" class=\"yoast-schema-graph\">{\"@context\":\"https:\/\/schema.org\",\"@graph\":[{\"@type\":\"WebPage\",\"@id\":\"https:\/\/robotcovers.ro\/tr\/iletisim\/\",\"url\":\"https:\/\/robotcovers.ro\/tr\/iletisim\/\",\"name\":\"Bize Ula\u015f\u0131n | Robot Koruma - Robot Koruma Sistemi Romanya\",\"isPartOf\":{\"@id\":\"https:\/\/pintsrl.ro\/#website\"},\"datePublished\":\"2023-07-23T15:08:23+00:00\",\"dateModified\":\"2025-11-10T16:55:05+00:00\",\"description\":\"RPS ile ileti\u015fime ge\u00e7in \u2013 otomotiv, \u00e7elik, g\u0131da ve i\u00e7ecek end\u00fcstrileri i\u00e7in end\u00fcstriyel robotlar i\u00e7in \u00f6zel tekstil koruyucu muhafazalar ve \u00e7\u00f6z\u00fcmler sunuyoruz, g\u00fcvenlik ve dayan\u0131kl\u0131l\u0131k sa\u011flar.\",\"breadcrumb\":{\"@id\":\"https:\/\/robotcovers.ro\/tr\/iletisim\/#breadcrumb\"},\"inLanguage\":\"tr\",\"potentialAction\":[{\"@type\":\"ReadAction\",\"target\":[\"https:\/\/robotcovers.ro\/tr\/iletisim\/\"]}]},{\"@type\":\"BreadcrumbList\",\"@id\":\"https:\/\/robotcovers.ro\/tr\/iletisim\/#breadcrumb\",\"itemListElement\":[{\"@type\":\"ListItem\",\"position\":1,\"name\":\"Acas\u0103\",\"item\":\"https:\/\/robotcovers.ro\/tr\/\"},{\"@type\":\"ListItem\",\"position\":2,\"name\":\"\u0130leti\u015fim\"}]},{\"@type\":\"WebSite\",\"@id\":\"https:\/\/pintsrl.ro\/#website\",\"url\":\"https:\/\/pintsrl.ro\/\",\"name\":\"Robot Protection Systems Romania\",\"description\":\"RPS-Robot Protection System Romania\",\"publisher\":{\"@id\":\"https:\/\/pintsrl.ro\/#organization\"},\"potentialAction\":[{\"@type\":\"SearchAction\",\"target\":{\"@type\":\"EntryPoint\",\"urlTemplate\":\"https:\/\/pintsrl.ro\/?s={search_term_string}\"},\"query-input\":{\"@type\":\"PropertyValueSpecification\",\"valueRequired\":true,\"valueName\":\"search_term_string\"}}],\"inLanguage\":\"tr\"},{\"@type\":\"Organization\",\"@id\":\"https:\/\/pintsrl.ro\/#organization\",\"name\":\"Robot Koruma Sistemi Romanya\",\"url\":\"https:\/\/pintsrl.ro\/\",\"logo\":{\"@type\":\"ImageObject\",\"inLanguage\":\"tr\",\"@id\":\"https:\/\/pintsrl.ro\/#\/schema\/logo\/image\/\",\"url\":\"https:\/\/robotcovers.ro\/wp-content\/uploads\/2024\/02\/logo.jpg\",\"contentUrl\":\"https:\/\/robotcovers.ro\/wp-content\/uploads\/2024\/02\/logo.jpg\",\"width\":512,\"height\":313,\"caption\":\"Robot Koruma Sistemi Romanya\"},\"image\":{\"@id\":\"https:\/\/pintsrl.ro\/#\/schema\/logo\/image\/\"}}]}<\/script>\n<!-- \/ Yoast SEO plugin. -->","yoast_head_json":{"title":"Bize Ula\u015f\u0131n | Robot Koruma - Robot Koruma Sistemi Romanya","description":"RPS ile ileti\u015fime ge\u00e7in \u2013 otomotiv, \u00e7elik, g\u0131da ve i\u00e7ecek end\u00fcstrileri i\u00e7in end\u00fcstriyel robotlar i\u00e7in \u00f6zel tekstil koruyucu muhafazalar ve \u00e7\u00f6z\u00fcmler sunuyoruz, g\u00fcvenlik ve dayan\u0131kl\u0131l\u0131k sa\u011flar.","robots":{"index":"index","follow":"follow","max-snippet":"max-snippet:-1","max-image-preview":"max-image-preview:large","max-video-preview":"max-video-preview:-1"},"canonical":"https:\/\/robotcovers.ro\/tr\/iletisim\/","og_locale":"tr_TR","og_type":"article","og_title":"Bize Ula\u015f\u0131n | Robot Koruma - Robot Koruma Sistemi Romanya","og_description":"RPS ile ileti\u015fime ge\u00e7in \u2013 otomotiv, \u00e7elik, g\u0131da ve i\u00e7ecek end\u00fcstrileri i\u00e7in end\u00fcstriyel robotlar i\u00e7in \u00f6zel tekstil koruyucu muhafazalar ve \u00e7\u00f6z\u00fcmler sunuyoruz, g\u00fcvenlik ve dayan\u0131kl\u0131l\u0131k sa\u011flar.","og_url":"https:\/\/robotcovers.ro\/tr\/iletisim\/","og_site_name":"Robot Protection System Romania","article_modified_time":"2025-11-10T16:55:05+00:00","twitter_card":"summary_large_image","schema":{"@context":"https:\/\/schema.org","@graph":[{"@type":"WebPage","@id":"https:\/\/robotcovers.ro\/tr\/iletisim\/","url":"https:\/\/robotcovers.ro\/tr\/iletisim\/","name":"Bize Ula\u015f\u0131n | Robot Koruma - Robot Koruma Sistemi Romanya","isPartOf":{"@id":"https:\/\/pintsrl.ro\/#website"},"datePublished":"2023-07-23T15:08:23+00:00","dateModified":"2025-11-10T16:55:05+00:00","description":"RPS ile ileti\u015fime ge\u00e7in \u2013 otomotiv, \u00e7elik, g\u0131da ve i\u00e7ecek end\u00fcstrileri i\u00e7in end\u00fcstriyel robotlar i\u00e7in \u00f6zel tekstil koruyucu muhafazalar ve \u00e7\u00f6z\u00fcmler sunuyoruz, g\u00fcvenlik ve dayan\u0131kl\u0131l\u0131k sa\u011flar.","breadcrumb":{"@id":"https:\/\/robotcovers.ro\/tr\/iletisim\/#breadcrumb"},"inLanguage":"tr","potentialAction":[{"@type":"ReadAction","target":["https:\/\/robotcovers.ro\/tr\/iletisim\/"]}]},{"@type":"BreadcrumbList","@id":"https:\/\/robotcovers.ro\/tr\/iletisim\/#breadcrumb","itemListElement":[{"@type":"ListItem","position":1,"name":"Acas\u0103","item":"https:\/\/robotcovers.ro\/tr\/"},{"@type":"ListItem","position":2,"name":"\u0130leti\u015fim"}]},{"@type":"WebSite","@id":"https:\/\/pintsrl.ro\/#website","url":"https:\/\/pintsrl.ro\/","name":"Robot Protection Systems Romania","description":"RPS-Robot Protection System Romania","publisher":{"@id":"https:\/\/pintsrl.ro\/#organization"},"potentialAction":[{"@type":"SearchAction","target":{"@type":"EntryPoint","urlTemplate":"https:\/\/pintsrl.ro\/?s={search_term_string}"},"query-input":{"@type":"PropertyValueSpecification","valueRequired":true,"valueName":"search_term_string"}}],"inLanguage":"tr"},{"@type":"Organization","@id":"https:\/\/pintsrl.ro\/#organization","name":"Robot Koruma Sistemi Romanya","url":"https:\/\/pintsrl.ro\/","logo":{"@type":"ImageObject","inLanguage":"tr","@id":"https:\/\/pintsrl.ro\/#\/schema\/logo\/image\/","url":"https:\/\/robotcovers.ro\/wp-content\/uploads\/2024\/02\/logo.jpg","contentUrl":"https:\/\/robotcovers.ro\/wp-content\/uploads\/2024\/02\/logo.jpg","width":512,"height":313,"caption":"Robot Koruma Sistemi Romanya"},"image":{"@id":"https:\/\/pintsrl.ro\/#\/schema\/logo\/image\/"}}]}},"_links":{"self":[{"href":"https:\/\/robotcovers.ro\/tr\/wp-json\/wp\/v2\/pages\/712","targetHints":{"allow":["GET"]}}],"collection":[{"href":"https:\/\/robotcovers.ro\/tr\/wp-json\/wp\/v2\/pages"}],"about":[{"href":"https:\/\/robotcovers.ro\/tr\/wp-json\/wp\/v2\/types\/page"}],"author":[{"embeddable":true,"href":"https:\/\/robotcovers.ro\/tr\/wp-json\/wp\/v2\/users\/2"}],"replies":[{"embeddable":true,"href":"https:\/\/robotcovers.ro\/tr\/wp-json\/wp\/v2\/comments?post=712"}],"version-history":[{"count":1,"href":"https:\/\/robotcovers.ro\/tr\/wp-json\/wp\/v2\/pages\/712\/revisions"}],"predecessor-version":[{"id":713,"href":"https:\/\/robotcovers.ro\/tr\/wp-json\/wp\/v2\/pages\/712\/revisions\/713"}],"wp:attachment":[{"href":"https:\/\/robotcovers.ro\/tr\/wp-json\/wp\/v2\/media?parent=712"}],"curies":[{"name":"wp","href":"https:\/\/api.w.org\/{rel}","templated":true}]}}