{"id":705,"date":"2023-07-22T15:06:43","date_gmt":"2023-07-22T12:06:43","guid":{"rendered":"https:\/\/robotcovers.ro\/robotburkolatok-es-hazak\/"},"modified":"2025-11-10T18:36:42","modified_gmt":"2025-11-10T16:36:42","slug":"robotburkolatok-es-hazak","status":"publish","type":"page","link":"https:\/\/robotcovers.ro\/hu\/robotburkolatok-es-hazak\/","title":{"rendered":"Robotburkolatok \u00e9s h\u00e1zak"},"content":{"rendered":"","protected":false},"excerpt":{"rendered":"","protected":false},"author":2,"featured_media":0,"parent":0,"menu_order":0,"comment_status":"closed","ping_status":"closed","template":"","meta":{"_acf_changed":false,"inline_featured_image":false,"footnotes":""},"class_list":["post-705","page","type-page","status-publish","hentry"],"acf":[],"yoast_head":"<!-- This site is optimized with the Yoast SEO plugin v26.4 - https:\/\/yoast.com\/wordpress\/plugins\/seo\/ -->\n<title>H\u00e1zak \u00e9s v\u00e9d\u0151burkolatok ipari robotokhoz aut\u00f3iparhoz<\/title>\n<meta name=\"description\" content=\"Ipari robotok sz\u00e1m\u00e1ra k\u00e9sz\u00fclt, textil alap\u00fa v\u00e9d\u0151burkolatok az aut\u00f3-, \u00e9lelmiszer-, ac\u00e9l- \u00e9s g\u00e9pipar sz\u00e1m\u00e1ra, amelyek biztons\u00e1got \u00e9s tart\u00f3ss\u00e1got biztos\u00edtanak.\" \/>\n<meta name=\"robots\" content=\"index, follow, max-snippet:-1, max-image-preview:large, max-video-preview:-1\" \/>\n<link rel=\"canonical\" href=\"https:\/\/robotcovers.ro\/hu\/robotburkolatok-es-hazak\/\" \/>\n<meta property=\"og:locale\" content=\"hu_HU\" \/>\n<meta property=\"og:type\" content=\"article\" \/>\n<meta property=\"og:title\" content=\"H\u00e1zak \u00e9s v\u00e9d\u0151burkolatok ipari robotokhoz aut\u00f3iparhoz\" \/>\n<meta property=\"og:description\" content=\"Ipari robotok sz\u00e1m\u00e1ra k\u00e9sz\u00fclt, textil alap\u00fa v\u00e9d\u0151burkolatok az aut\u00f3-, \u00e9lelmiszer-, ac\u00e9l- \u00e9s g\u00e9pipar sz\u00e1m\u00e1ra, amelyek biztons\u00e1got \u00e9s tart\u00f3ss\u00e1got biztos\u00edtanak.\" \/>\n<meta property=\"og:url\" content=\"https:\/\/robotcovers.ro\/hu\/robotburkolatok-es-hazak\/\" \/>\n<meta property=\"og:site_name\" content=\"Robot Protection System Romania\" \/>\n<meta property=\"article:modified_time\" content=\"2025-11-10T16:36:42+00:00\" \/>\n<meta name=\"twitter:card\" content=\"summary_large_image\" \/>\n<script type=\"application\/ld+json\" class=\"yoast-schema-graph\">{\"@context\":\"https:\/\/schema.org\",\"@graph\":[{\"@type\":\"WebPage\",\"@id\":\"https:\/\/robotcovers.ro\/hu\/robotburkolatok-es-hazak\/\",\"url\":\"https:\/\/robotcovers.ro\/hu\/robotburkolatok-es-hazak\/\",\"name\":\"H\u00e1zak \u00e9s v\u00e9d\u0151burkolatok ipari robotokhoz aut\u00f3iparhoz\",\"isPartOf\":{\"@id\":\"https:\/\/pintsrl.ro\/#website\"},\"datePublished\":\"2023-07-22T12:06:43+00:00\",\"dateModified\":\"2025-11-10T16:36:42+00:00\",\"description\":\"Ipari robotok sz\u00e1m\u00e1ra k\u00e9sz\u00fclt, textil alap\u00fa v\u00e9d\u0151burkolatok az aut\u00f3-, \u00e9lelmiszer-, ac\u00e9l- \u00e9s g\u00e9pipar sz\u00e1m\u00e1ra, amelyek biztons\u00e1got \u00e9s tart\u00f3ss\u00e1got biztos\u00edtanak.\",\"breadcrumb\":{\"@id\":\"https:\/\/robotcovers.ro\/hu\/robotburkolatok-es-hazak\/#breadcrumb\"},\"inLanguage\":\"hu\",\"potentialAction\":[{\"@type\":\"ReadAction\",\"target\":[\"https:\/\/robotcovers.ro\/hu\/robotburkolatok-es-hazak\/\"]}]},{\"@type\":\"BreadcrumbList\",\"@id\":\"https:\/\/robotcovers.ro\/hu\/robotburkolatok-es-hazak\/#breadcrumb\",\"itemListElement\":[{\"@type\":\"ListItem\",\"position\":1,\"name\":\"Acas\u0103\",\"item\":\"https:\/\/robotcovers.ro\/hu\/\"},{\"@type\":\"ListItem\",\"position\":2,\"name\":\"Robotburkolatok \u00e9s h\u00e1zak\"}]},{\"@type\":\"WebSite\",\"@id\":\"https:\/\/pintsrl.ro\/#website\",\"url\":\"https:\/\/pintsrl.ro\/\",\"name\":\"Robot Protection Systems Romania\",\"description\":\"RPS-Robot Protection System Romania\",\"publisher\":{\"@id\":\"https:\/\/pintsrl.ro\/#organization\"},\"potentialAction\":[{\"@type\":\"SearchAction\",\"target\":{\"@type\":\"EntryPoint\",\"urlTemplate\":\"https:\/\/pintsrl.ro\/?s={search_term_string}\"},\"query-input\":{\"@type\":\"PropertyValueSpecification\",\"valueRequired\":true,\"valueName\":\"search_term_string\"}}],\"inLanguage\":\"hu\"},{\"@type\":\"Organization\",\"@id\":\"https:\/\/pintsrl.ro\/#organization\",\"name\":\"Robotv\u00e9delmi rendszer Rom\u00e1nia\",\"url\":\"https:\/\/pintsrl.ro\/\",\"logo\":{\"@type\":\"ImageObject\",\"inLanguage\":\"hu\",\"@id\":\"https:\/\/pintsrl.ro\/#\/schema\/logo\/image\/\",\"url\":\"https:\/\/robotcovers.ro\/wp-content\/uploads\/2024\/02\/logo.jpg\",\"contentUrl\":\"https:\/\/robotcovers.ro\/wp-content\/uploads\/2024\/02\/logo.jpg\",\"width\":512,\"height\":313,\"caption\":\"Robotv\u00e9delmi rendszer Rom\u00e1nia\"},\"image\":{\"@id\":\"https:\/\/pintsrl.ro\/#\/schema\/logo\/image\/\"}}]}<\/script>\n<!-- \/ Yoast SEO plugin. -->","yoast_head_json":{"title":"H\u00e1zak \u00e9s v\u00e9d\u0151burkolatok ipari robotokhoz aut\u00f3iparhoz","description":"Ipari robotok sz\u00e1m\u00e1ra k\u00e9sz\u00fclt, textil alap\u00fa v\u00e9d\u0151burkolatok az aut\u00f3-, \u00e9lelmiszer-, ac\u00e9l- \u00e9s g\u00e9pipar sz\u00e1m\u00e1ra, amelyek biztons\u00e1got \u00e9s tart\u00f3ss\u00e1got biztos\u00edtanak.","robots":{"index":"index","follow":"follow","max-snippet":"max-snippet:-1","max-image-preview":"max-image-preview:large","max-video-preview":"max-video-preview:-1"},"canonical":"https:\/\/robotcovers.ro\/hu\/robotburkolatok-es-hazak\/","og_locale":"hu_HU","og_type":"article","og_title":"H\u00e1zak \u00e9s v\u00e9d\u0151burkolatok ipari robotokhoz aut\u00f3iparhoz","og_description":"Ipari robotok sz\u00e1m\u00e1ra k\u00e9sz\u00fclt, textil alap\u00fa v\u00e9d\u0151burkolatok az aut\u00f3-, \u00e9lelmiszer-, ac\u00e9l- \u00e9s g\u00e9pipar sz\u00e1m\u00e1ra, amelyek biztons\u00e1got \u00e9s tart\u00f3ss\u00e1got biztos\u00edtanak.","og_url":"https:\/\/robotcovers.ro\/hu\/robotburkolatok-es-hazak\/","og_site_name":"Robot Protection System Romania","article_modified_time":"2025-11-10T16:36:42+00:00","twitter_card":"summary_large_image","schema":{"@context":"https:\/\/schema.org","@graph":[{"@type":"WebPage","@id":"https:\/\/robotcovers.ro\/hu\/robotburkolatok-es-hazak\/","url":"https:\/\/robotcovers.ro\/hu\/robotburkolatok-es-hazak\/","name":"H\u00e1zak \u00e9s v\u00e9d\u0151burkolatok ipari robotokhoz aut\u00f3iparhoz","isPartOf":{"@id":"https:\/\/pintsrl.ro\/#website"},"datePublished":"2023-07-22T12:06:43+00:00","dateModified":"2025-11-10T16:36:42+00:00","description":"Ipari robotok sz\u00e1m\u00e1ra k\u00e9sz\u00fclt, textil alap\u00fa v\u00e9d\u0151burkolatok az aut\u00f3-, \u00e9lelmiszer-, ac\u00e9l- \u00e9s g\u00e9pipar sz\u00e1m\u00e1ra, amelyek biztons\u00e1got \u00e9s tart\u00f3ss\u00e1got biztos\u00edtanak.","breadcrumb":{"@id":"https:\/\/robotcovers.ro\/hu\/robotburkolatok-es-hazak\/#breadcrumb"},"inLanguage":"hu","potentialAction":[{"@type":"ReadAction","target":["https:\/\/robotcovers.ro\/hu\/robotburkolatok-es-hazak\/"]}]},{"@type":"BreadcrumbList","@id":"https:\/\/robotcovers.ro\/hu\/robotburkolatok-es-hazak\/#breadcrumb","itemListElement":[{"@type":"ListItem","position":1,"name":"Acas\u0103","item":"https:\/\/robotcovers.ro\/hu\/"},{"@type":"ListItem","position":2,"name":"Robotburkolatok \u00e9s h\u00e1zak"}]},{"@type":"WebSite","@id":"https:\/\/pintsrl.ro\/#website","url":"https:\/\/pintsrl.ro\/","name":"Robot Protection Systems Romania","description":"RPS-Robot Protection System Romania","publisher":{"@id":"https:\/\/pintsrl.ro\/#organization"},"potentialAction":[{"@type":"SearchAction","target":{"@type":"EntryPoint","urlTemplate":"https:\/\/pintsrl.ro\/?s={search_term_string}"},"query-input":{"@type":"PropertyValueSpecification","valueRequired":true,"valueName":"search_term_string"}}],"inLanguage":"hu"},{"@type":"Organization","@id":"https:\/\/pintsrl.ro\/#organization","name":"Robotv\u00e9delmi rendszer Rom\u00e1nia","url":"https:\/\/pintsrl.ro\/","logo":{"@type":"ImageObject","inLanguage":"hu","@id":"https:\/\/pintsrl.ro\/#\/schema\/logo\/image\/","url":"https:\/\/robotcovers.ro\/wp-content\/uploads\/2024\/02\/logo.jpg","contentUrl":"https:\/\/robotcovers.ro\/wp-content\/uploads\/2024\/02\/logo.jpg","width":512,"height":313,"caption":"Robotv\u00e9delmi rendszer Rom\u00e1nia"},"image":{"@id":"https:\/\/pintsrl.ro\/#\/schema\/logo\/image\/"}}]}},"_links":{"self":[{"href":"https:\/\/robotcovers.ro\/hu\/wp-json\/wp\/v2\/pages\/705","targetHints":{"allow":["GET"]}}],"collection":[{"href":"https:\/\/robotcovers.ro\/hu\/wp-json\/wp\/v2\/pages"}],"about":[{"href":"https:\/\/robotcovers.ro\/hu\/wp-json\/wp\/v2\/types\/page"}],"author":[{"embeddable":true,"href":"https:\/\/robotcovers.ro\/hu\/wp-json\/wp\/v2\/users\/2"}],"replies":[{"embeddable":true,"href":"https:\/\/robotcovers.ro\/hu\/wp-json\/wp\/v2\/comments?post=705"}],"version-history":[{"count":2,"href":"https:\/\/robotcovers.ro\/hu\/wp-json\/wp\/v2\/pages\/705\/revisions"}],"predecessor-version":[{"id":771,"href":"https:\/\/robotcovers.ro\/hu\/wp-json\/wp\/v2\/pages\/705\/revisions\/771"}],"wp:attachment":[{"href":"https:\/\/robotcovers.ro\/hu\/wp-json\/wp\/v2\/media?parent=705"}],"curies":[{"name":"wp","href":"https:\/\/api.w.org\/{rel}","templated":true}]}}