{"id":699,"date":"2023-07-22T15:06:43","date_gmt":"2023-07-22T12:06:43","guid":{"rendered":"https:\/\/robotcovers.ro\/cubiertas-y-carcasas-para-robots\/"},"modified":"2025-11-05T21:33:46","modified_gmt":"2025-11-05T19:33:46","slug":"cubiertas-y-carcasas-para-robots","status":"publish","type":"page","link":"https:\/\/robotcovers.ro\/es\/cubiertas-y-carcasas-para-robots\/","title":{"rendered":"Cubiertas y carcasas para robots"},"content":{"rendered":"","protected":false},"excerpt":{"rendered":"","protected":false},"author":2,"featured_media":0,"parent":0,"menu_order":0,"comment_status":"closed","ping_status":"closed","template":"","meta":{"_acf_changed":false,"inline_featured_image":false,"footnotes":""},"class_list":["post-699","page","type-page","status-publish","hentry"],"acf":[],"yoast_head":"<!-- This site is optimized with the Yoast SEO plugin v26.4 - https:\/\/yoast.com\/wordpress\/plugins\/seo\/ -->\n<title>Carcasas y cubiertas protectoras para robots industriales industria del autom\u00f3vil<\/title>\n<meta name=\"description\" content=\"Carcasas para robots y carcasas protectoras para las industrias de automoci\u00f3n, alimentaria, sider\u00fargica y de maquinaria, que proporcionan seguridad y durabilidad a los robots industriales\" \/>\n<meta name=\"robots\" content=\"index, follow, max-snippet:-1, max-image-preview:large, max-video-preview:-1\" \/>\n<link rel=\"canonical\" href=\"https:\/\/robotcovers.ro\/es\/cubiertas-y-carcasas-para-robots\/\" \/>\n<meta property=\"og:locale\" content=\"es_ES\" \/>\n<meta property=\"og:type\" content=\"article\" \/>\n<meta property=\"og:title\" content=\"Carcasas y cubiertas protectoras para robots industriales industria del autom\u00f3vil\" \/>\n<meta property=\"og:description\" content=\"Carcasas para robots y carcasas protectoras para las industrias de automoci\u00f3n, alimentaria, sider\u00fargica y de maquinaria, que proporcionan seguridad y durabilidad a los robots industriales\" \/>\n<meta property=\"og:url\" content=\"https:\/\/robotcovers.ro\/es\/cubiertas-y-carcasas-para-robots\/\" \/>\n<meta property=\"og:site_name\" content=\"Robot Protection System Romania\" \/>\n<meta property=\"article:modified_time\" content=\"2025-11-05T19:33:46+00:00\" \/>\n<meta name=\"twitter:card\" content=\"summary_large_image\" \/>\n<script type=\"application\/ld+json\" class=\"yoast-schema-graph\">{\"@context\":\"https:\/\/schema.org\",\"@graph\":[{\"@type\":\"WebPage\",\"@id\":\"https:\/\/robotcovers.ro\/es\/cubiertas-y-carcasas-para-robots\/\",\"url\":\"https:\/\/robotcovers.ro\/es\/cubiertas-y-carcasas-para-robots\/\",\"name\":\"Carcasas y cubiertas protectoras para robots industriales industria del autom\u00f3vil\",\"isPartOf\":{\"@id\":\"https:\/\/pintsrl.ro\/#website\"},\"datePublished\":\"2023-07-22T12:06:43+00:00\",\"dateModified\":\"2025-11-05T19:33:46+00:00\",\"description\":\"Carcasas para robots y carcasas protectoras para las industrias de automoci\u00f3n, alimentaria, sider\u00fargica y de maquinaria, que proporcionan seguridad y durabilidad a los robots industriales\",\"breadcrumb\":{\"@id\":\"https:\/\/robotcovers.ro\/es\/cubiertas-y-carcasas-para-robots\/#breadcrumb\"},\"inLanguage\":\"es\",\"potentialAction\":[{\"@type\":\"ReadAction\",\"target\":[\"https:\/\/robotcovers.ro\/es\/cubiertas-y-carcasas-para-robots\/\"]}]},{\"@type\":\"BreadcrumbList\",\"@id\":\"https:\/\/robotcovers.ro\/es\/cubiertas-y-carcasas-para-robots\/#breadcrumb\",\"itemListElement\":[{\"@type\":\"ListItem\",\"position\":1,\"name\":\"Acas\u0103\",\"item\":\"https:\/\/robotcovers.ro\/es\/\"},{\"@type\":\"ListItem\",\"position\":2,\"name\":\"Cubiertas y carcasas para robots\"}]},{\"@type\":\"WebSite\",\"@id\":\"https:\/\/pintsrl.ro\/#website\",\"url\":\"https:\/\/pintsrl.ro\/\",\"name\":\"Robot Protection Systems Romania\",\"description\":\"RPS-Robot Protection System Romania\",\"publisher\":{\"@id\":\"https:\/\/pintsrl.ro\/#organization\"},\"potentialAction\":[{\"@type\":\"SearchAction\",\"target\":{\"@type\":\"EntryPoint\",\"urlTemplate\":\"https:\/\/pintsrl.ro\/?s={search_term_string}\"},\"query-input\":{\"@type\":\"PropertyValueSpecification\",\"valueRequired\":true,\"valueName\":\"search_term_string\"}}],\"inLanguage\":\"es\"},{\"@type\":\"Organization\",\"@id\":\"https:\/\/pintsrl.ro\/#organization\",\"name\":\"Sistema de protecci\u00f3n de robots Ruman\u00eda\",\"url\":\"https:\/\/pintsrl.ro\/\",\"logo\":{\"@type\":\"ImageObject\",\"inLanguage\":\"es\",\"@id\":\"https:\/\/pintsrl.ro\/#\/schema\/logo\/image\/\",\"url\":\"https:\/\/robotcovers.ro\/wp-content\/uploads\/2024\/02\/logo.jpg\",\"contentUrl\":\"https:\/\/robotcovers.ro\/wp-content\/uploads\/2024\/02\/logo.jpg\",\"width\":512,\"height\":313,\"caption\":\"Sistema de protecci\u00f3n de robots Ruman\u00eda\"},\"image\":{\"@id\":\"https:\/\/pintsrl.ro\/#\/schema\/logo\/image\/\"}}]}<\/script>\n<!-- \/ Yoast SEO plugin. -->","yoast_head_json":{"title":"Carcasas y cubiertas protectoras para robots industriales industria del autom\u00f3vil","description":"Carcasas para robots y carcasas protectoras para las industrias de automoci\u00f3n, alimentaria, sider\u00fargica y de maquinaria, que proporcionan seguridad y durabilidad a los robots industriales","robots":{"index":"index","follow":"follow","max-snippet":"max-snippet:-1","max-image-preview":"max-image-preview:large","max-video-preview":"max-video-preview:-1"},"canonical":"https:\/\/robotcovers.ro\/es\/cubiertas-y-carcasas-para-robots\/","og_locale":"es_ES","og_type":"article","og_title":"Carcasas y cubiertas protectoras para robots industriales industria del autom\u00f3vil","og_description":"Carcasas para robots y carcasas protectoras para las industrias de automoci\u00f3n, alimentaria, sider\u00fargica y de maquinaria, que proporcionan seguridad y durabilidad a los robots industriales","og_url":"https:\/\/robotcovers.ro\/es\/cubiertas-y-carcasas-para-robots\/","og_site_name":"Robot Protection System Romania","article_modified_time":"2025-11-05T19:33:46+00:00","twitter_card":"summary_large_image","schema":{"@context":"https:\/\/schema.org","@graph":[{"@type":"WebPage","@id":"https:\/\/robotcovers.ro\/es\/cubiertas-y-carcasas-para-robots\/","url":"https:\/\/robotcovers.ro\/es\/cubiertas-y-carcasas-para-robots\/","name":"Carcasas y cubiertas protectoras para robots industriales industria del autom\u00f3vil","isPartOf":{"@id":"https:\/\/pintsrl.ro\/#website"},"datePublished":"2023-07-22T12:06:43+00:00","dateModified":"2025-11-05T19:33:46+00:00","description":"Carcasas para robots y carcasas protectoras para las industrias de automoci\u00f3n, alimentaria, sider\u00fargica y de maquinaria, que proporcionan seguridad y durabilidad a los robots industriales","breadcrumb":{"@id":"https:\/\/robotcovers.ro\/es\/cubiertas-y-carcasas-para-robots\/#breadcrumb"},"inLanguage":"es","potentialAction":[{"@type":"ReadAction","target":["https:\/\/robotcovers.ro\/es\/cubiertas-y-carcasas-para-robots\/"]}]},{"@type":"BreadcrumbList","@id":"https:\/\/robotcovers.ro\/es\/cubiertas-y-carcasas-para-robots\/#breadcrumb","itemListElement":[{"@type":"ListItem","position":1,"name":"Acas\u0103","item":"https:\/\/robotcovers.ro\/es\/"},{"@type":"ListItem","position":2,"name":"Cubiertas y carcasas para robots"}]},{"@type":"WebSite","@id":"https:\/\/pintsrl.ro\/#website","url":"https:\/\/pintsrl.ro\/","name":"Robot Protection Systems Romania","description":"RPS-Robot Protection System Romania","publisher":{"@id":"https:\/\/pintsrl.ro\/#organization"},"potentialAction":[{"@type":"SearchAction","target":{"@type":"EntryPoint","urlTemplate":"https:\/\/pintsrl.ro\/?s={search_term_string}"},"query-input":{"@type":"PropertyValueSpecification","valueRequired":true,"valueName":"search_term_string"}}],"inLanguage":"es"},{"@type":"Organization","@id":"https:\/\/pintsrl.ro\/#organization","name":"Sistema de protecci\u00f3n de robots Ruman\u00eda","url":"https:\/\/pintsrl.ro\/","logo":{"@type":"ImageObject","inLanguage":"es","@id":"https:\/\/pintsrl.ro\/#\/schema\/logo\/image\/","url":"https:\/\/robotcovers.ro\/wp-content\/uploads\/2024\/02\/logo.jpg","contentUrl":"https:\/\/robotcovers.ro\/wp-content\/uploads\/2024\/02\/logo.jpg","width":512,"height":313,"caption":"Sistema de protecci\u00f3n de robots Ruman\u00eda"},"image":{"@id":"https:\/\/pintsrl.ro\/#\/schema\/logo\/image\/"}}]}},"_links":{"self":[{"href":"https:\/\/robotcovers.ro\/es\/wp-json\/wp\/v2\/pages\/699","targetHints":{"allow":["GET"]}}],"collection":[{"href":"https:\/\/robotcovers.ro\/es\/wp-json\/wp\/v2\/pages"}],"about":[{"href":"https:\/\/robotcovers.ro\/es\/wp-json\/wp\/v2\/types\/page"}],"author":[{"embeddable":true,"href":"https:\/\/robotcovers.ro\/es\/wp-json\/wp\/v2\/users\/2"}],"replies":[{"embeddable":true,"href":"https:\/\/robotcovers.ro\/es\/wp-json\/wp\/v2\/comments?post=699"}],"version-history":[{"count":2,"href":"https:\/\/robotcovers.ro\/es\/wp-json\/wp\/v2\/pages\/699\/revisions"}],"predecessor-version":[{"id":785,"href":"https:\/\/robotcovers.ro\/es\/wp-json\/wp\/v2\/pages\/699\/revisions\/785"}],"wp:attachment":[{"href":"https:\/\/robotcovers.ro\/es\/wp-json\/wp\/v2\/media?parent=699"}],"curies":[{"name":"wp","href":"https:\/\/api.w.org\/{rel}","templated":true}]}}